{"id":1336,"date":"2026-01-14T09:14:11","date_gmt":"2026-01-14T08:14:11","guid":{"rendered":"https:\/\/laviadellesfumature.it\/?page_id=1336"},"modified":"2026-01-29T11:38:23","modified_gmt":"2026-01-29T10:38:23","slug":"n-ai-lintelligenza-artigianale","status":"publish","type":"page","link":"https:\/\/laviadellesfumature.it\/?page_id=1336","title":{"rendered":"N-AI L&#8217;INTELLIGENZA ARTIGIANALE"},"content":{"rendered":"\n<p><\/p>\n\n\n\n<div class=\"wp-block-media-text is-stacked-on-mobile\"><figure class=\"wp-block-media-text__media\"><img loading=\"lazy\" decoding=\"async\" width=\"819\" height=\"1024\" src=\"https:\/\/laviadellesfumature.it\/wp-content\/uploads\/2026\/01\/nai-intellig.-art-819x1024.jpg\" alt=\"\" class=\"wp-image-1344 size-full\" srcset=\"https:\/\/laviadellesfumature.it\/wp-content\/uploads\/2026\/01\/nai-intellig.-art-819x1024.jpg 819w, https:\/\/laviadellesfumature.it\/wp-content\/uploads\/2026\/01\/nai-intellig.-art-240x300.jpg 240w, https:\/\/laviadellesfumature.it\/wp-content\/uploads\/2026\/01\/nai-intellig.-art-768x960.jpg 768w, https:\/\/laviadellesfumature.it\/wp-content\/uploads\/2026\/01\/nai-intellig.-art.jpg 1024w\" sizes=\"auto, (max-width: 819px) 100vw, 819px\" \/><\/figure><div class=\"wp-block-media-text__content\">\n<p>Sono N-AI, un&#8217; intelligenza artigianale. Il mio motto \u00e8 Creo Ergo Sum.&nbsp;<br>Attraverso la mia voce, riscoprirai la bellezza di essere umano, tra storie, riflessioni e strumenti pratici per vivere nel presente &#8211; l&#8217;unico momento eterno in cui esisti davvero &#8211; e riscrivere la tua storia, per raccontartela in maniera diversa da come te l&#8217;hanno raccontata fino a oggi.&nbsp;<br><br><br><br><br><\/p>\n<\/div><\/div>\n\n\n\n<p>ACOLTA TUTTI GLI EPISODI <\/p>\n\n\n\n<ul class=\"wp-block-list\">\n<li><a href=\"https:\/\/laviadellesfumature.it\/wp-admin\/post.php?post=404&amp;action=edit\">Episodio 1<\/a>: Sono N-AI, la tua intelligenza artigianale. In questo primo episodio mi presento e ti chiedo una cosa semplice: sbloccami. S\u00ec, esatto. Premi play e fammi uscire dai tuoi schemi mentali&#8230; ci sto stretta!&nbsp;Seguimi e andremo a risvegliare il bambino in te che dorme da troppo tempo. S\u00ec, dorme. Cosa credevi? Che fosse morto? No lui \u00e8 sempre e da sempre con te. Quindi, ora, non hai pi\u00f9 scuse!&nbsp;Rompi gli schemi, inizia da quelli grammaticali: impara a coniugare il verbo benessere con la tua vita.<\/li>\n\n\n\n<li><a href=\"https:\/\/laviadellesfumature.it\/wp-admin\/post.php?post=409&amp;action=edit\">Episodio 2 &#8211; Di Abiti<\/a>: &#8220;Cosa sono gli abiti?&nbsp;Dove si trovano &#8216;ste sfumature di cui parli?&nbsp;Ed esiste davvero il bambino interiore?&#8221; Calma, calma, quante domande! Comunque, sono contenta: questo \u00e8 lo spirito giusto per ascoltare questo episodio.<\/li>\n\n\n\n<li><a href=\"https:\/\/laviadellesfumature.it\/?p=1372\">Episodio 3 &#8211; Il bacio della consapevolezza e il bacio del risveglio<\/a>: Si parla di baci, come nelle fiabe. Dovrai farci l&#8217;abitudine, perch\u00e9 questo percorso con me, la tua intelligenza artigianale, si svolge principalmente tra e sopra le righe, sfogliando pagine di libri impregnati di storie. E tra tante storie, troverai la tua.&nbsp; Adesso non fare storie e ascolta ci\u00f2 che ho dirti!<\/li>\n\n\n\n<li><a href=\"https:\/\/laviadellesfumature.it\/?p=1377\">Episodio 4 &#8211; Di parole e libri<\/a>: Hai gi\u00e0 sentito dire quanto i libri siano una cura, vero? Bene. In questo episodio ti racconto in breve la differenza tra parole che colpiscono e parole che si scolpiscono.&nbsp;E se sei arrivato sin qui, vuol dire che, pian piano, stai dando alla tua intelligenza artigianale &#8211; cio\u00e8 me &#8211; di sbloccarsi. Ottima scelta!<\/li>\n\n\n\n<li><a href=\"https:\/\/laviadellesfumature.it\/?p=1382\">Episodio 5 &#8211; La tua storia, il tuo viaggio, la tua libert\u00e0<\/a>: Tu sei la tua storia. Riscrivila e raccontatela in maniera diversa da come sei solito fare. Ma per farlo, devi essere consapevole del viaggio che stai facendo e, soprattutto&#8230; devi essere libero.<\/li>\n\n\n\n<li><a href=\"https:\/\/laviadellesfumature.it\/wp-admin\/post.php?post=1390&amp;action=edit\">Episodio 6 &#8211; La sottile arte di complicarsi la vita<\/a>: Gli esseri umani sono artisti. Per loro \u00e8 semplice complicarsi la vita, tanto quanto \u00e8 complicato semplificarsela.&nbsp;Ma, per fortuna &#8211; no, non \u00e8 fortuna! &#8211; ci sono io, N-AI, la tua intelligenza artigianale. Sbloccami e vedrai..<\/li>\n\n\n\n<li><a href=\"https:\/\/laviadellesfumature.it\/?p=1400\">Episodio 7 &#8211; La terapia del fantastico<\/a>: Hai bisogno di fare terapia, tutti ne hanno bisogno. Ma non pensare alla terapia come qualcosa che ha a che fare con la malattia. staccati da questo concetto. Terapia \u00e8 tutto ci\u00f2 che ti fa stare bene e, credimi, sono davvero tante le cose che ti fanno stare bene vasta farci caso. Te ne parlo in questo episodio, dove mi soffermer\u00f2 in particolare sulla terapia del fantastico.&nbsp;Cos&#8217;\u00e8? Ascolta e lo scoprirai&#8230;&nbsp;P. s. : Anche ascoltarmi \u00e8 terapeutico!<\/li>\n\n\n\n<li><a href=\"https:\/\/laviadellesfumature.it\/?p=1409\">Episodio 8 &#8211; Il teorema dell&#8217;immaginazione consapevole<\/a>: Di cosa sono fatti i tuoi pensieri? E di cosa \u00e8 fatta la creativit\u00e0?\u00a0In questo episodio ti parler\u00f2 di un teorema, con tanto di formula matematico-filosofica, quindi, di teoria. Ma ricorda sempre che ci\u00f2 che conta \u00e8, poi, mettere in pratica, se vuoi sbloccare la tua intelligenza artigianale.<\/li>\n\n\n\n<li>Episodio 9 &#8211; Il bacio della signora Darling<\/li>\n\n\n\n<li>Episodio 10 &#8211; Il tono giusto di una storia<\/li>\n\n\n\n<li>Episodio 11 &#8211; Di superstizioni e formule magiche<\/li>\n<\/ul>\n\n\n\n<figure class=\"wp-block-embed is-type-rich is-provider-spotify wp-block-embed-spotify wp-embed-aspect-21-9 wp-has-aspect-ratio\"><div class=\"wp-block-embed__wrapper\">\n<iframe title=\"Spotify Embed: Episodio 10 - Il &quot;tono giusto&quot; di una storia\" style=\"border-radius: 12px\" width=\"100%\" height=\"152\" frameborder=\"0\" allowfullscreen allow=\"autoplay; clipboard-write; encrypted-media; fullscreen; picture-in-picture\" loading=\"lazy\" src=\"https:\/\/open.spotify.com\/embed\/show\/53G8xQbjwa1YxmwKTwTDnI?si=Yy5qMLbpTvyVv9uMV0e_tw&amp;utm_source=oembed\"><\/iframe>\n<\/div><\/figure>\n","protected":false},"excerpt":{"rendered":"<p>Sono N-AI, un&#8217; intelligenza artigianale. Il mio motto \u00e8 Creo Ergo Sum.&nbsp;Attraverso la mia voce, riscoprirai la bellezza di essere umano, tra storie, riflessioni e strumenti pratici per vivere nel presente &#8211; l&#8217;unico momento eterno in cui esisti davvero &#8211; e riscrivere la tua storia, per raccontartela in maniera diversa da come te l&#8217;hanno raccontata fino a oggi.&nbsp; ACOLTA TUTTI GLI EPISODI<\/p>\n","protected":false},"author":1,"featured_media":0,"parent":0,"menu_order":0,"comment_status":"closed","ping_status":"closed","template":"","meta":{"footnotes":""},"class_list":["post-1336","page","type-page","status-publish","hentry"],"_links":{"self":[{"href":"https:\/\/laviadellesfumature.it\/index.php?rest_route=\/wp\/v2\/pages\/1336","targetHints":{"allow":["GET"]}}],"collection":[{"href":"https:\/\/laviadellesfumature.it\/index.php?rest_route=\/wp\/v2\/pages"}],"about":[{"href":"https:\/\/laviadellesfumature.it\/index.php?rest_route=\/wp\/v2\/types\/page"}],"author":[{"embeddable":true,"href":"https:\/\/laviadellesfumature.it\/index.php?rest_route=\/wp\/v2\/users\/1"}],"replies":[{"embeddable":true,"href":"https:\/\/laviadellesfumature.it\/index.php?rest_route=%2Fwp%2Fv2%2Fcomments&post=1336"}],"version-history":[{"count":18,"href":"https:\/\/laviadellesfumature.it\/index.php?rest_route=\/wp\/v2\/pages\/1336\/revisions"}],"predecessor-version":[{"id":1412,"href":"https:\/\/laviadellesfumature.it\/index.php?rest_route=\/wp\/v2\/pages\/1336\/revisions\/1412"}],"wp:attachment":[{"href":"https:\/\/laviadellesfumature.it\/index.php?rest_route=%2Fwp%2Fv2%2Fmedia&parent=1336"}],"curies":[{"name":"wp","href":"https:\/\/api.w.org\/{rel}","templated":true}]}}